{"id":1905,"date":"2025-01-04T11:24:43","date_gmt":"2025-01-04T11:24:43","guid":{"rendered":"https:\/\/tsa-inox.preprodwi.fr\/?page_id=1905"},"modified":"2025-06-05T14:15:43","modified_gmt":"2025-06-05T14:15:43","slug":"rechtliche-hinweise","status":"publish","type":"page","link":"https:\/\/tsa-inox.preprodwi.fr\/de\/rechtliche-hinweise\/","title":{"rendered":"Rechtliche Hinweise"},"content":{"rendered":"<h2>Herausgeber der Website<\/h2>\n<p><strong>TSA Inox Hauptsitz<\/strong><br \/>\n8, rue Jules Py<br \/>\n88210 MOUSSEY<br \/>\nFRANKREICH<br \/>\nTel.: (33) 03 29 42 50 00<\/p>\n<h3>Leiter der Ver\u00f6ffentlichung<\/h3>\n<p>Der Leiter der Ver\u00f6ffentlichung ist Herr S\u00e9bastien BEGEL.<\/p>\n<h3>Hosting der Website<\/h3>\n<p><strong>WEB IDEA<\/strong> (Hauptsitz)<br \/>\n2 Rue Maurice Barr\u00e8s<br \/>\n57 000 METZ<br \/>\nT\u00e9l. : 03 87 52 12 12<br \/>\nSite : <a href=\"https:\/\/www.webidea.fr\/\">www.webidea.fr<\/a><\/p>\n<h3>Einrichtung von Links zu dieser Seite<\/h3>\n<p>TSA Inox erlaubt die Einrichtung von Hypertext-Links, die auf seine Seiten verweisen, unter folgenden Bedingungen:<\/p>\n<ul>\n<li>dass diese Links nicht mithilfe der \u201eDeep Link\u201c-Technik erstellt werden und dass folglich die Aktivierung des Links keinen Zweifel an der Adresse der besuchten Seite aufkommen l\u00e4sst und in einem vom urspr\u00fcnglichen Fenster unabh\u00e4ngigen Browserfenster angezeigt wird,<\/li>\n<li>dass diese Links nicht mit irgendeiner Website in Verbindung stehen, die diskriminierende, rassistische, pornografische, fremdenfeindliche oder p\u00e4dophile Informationen verbreitet oder ganz allgemein die Moral oder die guten Sitten verletzen kann.<\/li>\n<\/ul>\n<h3>Warnhinweis zu den Inhalten<\/h3>\n<p>Trotz aller Sorgfalt, mit der die Integrit\u00e4t der online gestellten Informationen und Dokumente bewahrt wird, k\u00f6nnen Fehler nicht vollst\u00e4ndig ausgeschlossen werden. TSA Inox kann f\u00fcr diese zuf\u00e4lligen Fehler nicht haftbar gemacht werden.<\/p>\n<h3>Schutz der pers\u00f6nlichen Daten<\/h3>\n<p>Es werden keine pers\u00f6nlichen Informationen ohne Ihr Wissen gesammelt. Es werden keine pers\u00f6nlichen Informationen an Dritte weitergegeben.<\/p>\n<p>Gem\u00e4\u00df dem franz\u00f6sischen Datenschutzgesetz vom 06.01.1978 haben Sie das Recht, auf die Sie betreffenden Daten zuzugreifen, sie zu berichtigen und zu l\u00f6schen und sich ihrer Verarbeitung zu widersetzen. Wenn Sie dieses Recht aus\u00fcben m\u00f6chten, k\u00f6nnen Sie sich schriftlich an :<\/p>\n<p><strong>TSA Inox Hauptsitz<\/strong><br \/>\n8, rue Jules Py<br \/>\n88210 MOUSSEY<br \/>\nFRANKREICH<br \/>\nTel.: (33) 03 29 42 50 00<\/p>\n<h3>Anwendbares Recht<\/h3>\n<p>Sowohl die vorliegende Website als auch die Modalit\u00e4ten und Bedingungen ihrer Nutzung unterliegen dem franz\u00f6sischen Recht, unabh\u00e4ngig vom Ort der Nutzung oder der Verbindung. Im Falle einer m\u00f6glichen Anfechtung und nach dem Scheitern aller Versuche, eine g\u00fctliche L\u00f6sung zu finden, sind ausschlie\u00dflich die franz\u00f6sischen Gerichte f\u00fcr diesen Rechtsstreit zust\u00e4ndig.<\/p>\n","protected":false},"excerpt":{"rendered":"<p>Herausgeber der Website TSA Inox Hauptsitz 8, rue Jules Py 88210 MOUSSEY FRANKREICH Tel.: (33) 03 29 42 50 00 Leiter der Ver\u00f6ffentlichung Der Leiter der Ver\u00f6ffentlichung ist Herr S\u00e9bastien BEGEL. Hosting der Website WEB IDEA (Hauptsitz) 2 Rue Maurice Barr\u00e8s 57 000 METZ T\u00e9l. : 03 87 52 12 12 Site : www.webidea.fr Einrichtung &hellip; <a href=\"https:\/\/tsa-inox.preprodwi.fr\/de\/rechtliche-hinweise\/\">Continued<\/a><\/p>\n","protected":false},"author":2,"featured_media":0,"parent":0,"menu_order":0,"comment_status":"closed","ping_status":"closed","template":"","meta":{"_acf_changed":false,"footnotes":""},"class_list":["post-1905","page","type-page","status-publish","hentry"],"acf":[],"yoast_head":"<!-- This site is optimized with the Yoast SEO plugin v24.9 - https:\/\/yoast.com\/wordpress\/plugins\/seo\/ -->\n<title>Rechtliche Hinweise - TSA Industries<\/title>\n<meta name=\"robots\" content=\"noindex, follow, max-snippet:-1, max-image-preview:large, max-video-preview:-1\" \/>\n<meta property=\"og:locale\" content=\"de_DE\" \/>\n<meta property=\"og:type\" content=\"article\" \/>\n<meta property=\"og:title\" content=\"Rechtliche Hinweise - TSA Industries\" \/>\n<meta property=\"og:description\" content=\"Herausgeber der Website TSA Inox Hauptsitz 8, rue Jules Py 88210 MOUSSEY FRANKREICH Tel.: (33) 03 29 42 50 00 Leiter der Ver\u00f6ffentlichung Der Leiter der Ver\u00f6ffentlichung ist Herr S\u00e9bastien BEGEL. Hosting der Website WEB IDEA (Hauptsitz) 2 Rue Maurice Barr\u00e8s 57 000 METZ T\u00e9l. : 03 87 52 12 12 Site : www.webidea.fr Einrichtung &hellip; Continued\" \/>\n<meta property=\"og:url\" content=\"https:\/\/tsa-inox.preprodwi.fr\/de\/rechtliche-hinweise\/\" \/>\n<meta property=\"og:site_name\" content=\"TSA Industries\" \/>\n<meta property=\"article:modified_time\" content=\"2025-06-05T14:15:43+00:00\" \/>\n<meta name=\"twitter:card\" content=\"summary_large_image\" \/>\n<meta name=\"twitter:label1\" content=\"Est. reading time\" \/>\n\t<meta name=\"twitter:data1\" content=\"2 minutes\" \/>\n<script type=\"application\/ld+json\" class=\"yoast-schema-graph\">{\"@context\":\"https:\/\/schema.org\",\"@graph\":[{\"@type\":\"WebPage\",\"@id\":\"https:\/\/tsa-inox.preprodwi.fr\/de\/rechtliche-hinweise\/\",\"url\":\"https:\/\/tsa-inox.preprodwi.fr\/de\/rechtliche-hinweise\/\",\"name\":\"Rechtliche Hinweise - TSA Industries\",\"isPartOf\":{\"@id\":\"https:\/\/tsa-inox.preprodwi.fr\/de\/#website\"},\"datePublished\":\"2025-01-04T11:24:43+00:00\",\"dateModified\":\"2025-06-05T14:15:43+00:00\",\"breadcrumb\":{\"@id\":\"https:\/\/tsa-inox.preprodwi.fr\/de\/rechtliche-hinweise\/#breadcrumb\"},\"inLanguage\":\"de-DE\",\"potentialAction\":[{\"@type\":\"ReadAction\",\"target\":[\"https:\/\/tsa-inox.preprodwi.fr\/de\/rechtliche-hinweise\/\"]}]},{\"@type\":\"BreadcrumbList\",\"@id\":\"https:\/\/tsa-inox.preprodwi.fr\/de\/rechtliche-hinweise\/#breadcrumb\",\"itemListElement\":[{\"@type\":\"ListItem\",\"position\":1,\"name\":\"Home\",\"item\":\"https:\/\/tsa-inox.preprodwi.fr\/de\/\"},{\"@type\":\"ListItem\",\"position\":2,\"name\":\"Rechtliche Hinweise\"}]},{\"@type\":\"WebSite\",\"@id\":\"https:\/\/tsa-inox.preprodwi.fr\/de\/#website\",\"url\":\"https:\/\/tsa-inox.preprodwi.fr\/de\/\",\"name\":\"TSA Industries\",\"description\":\"\",\"potentialAction\":[{\"@type\":\"SearchAction\",\"target\":{\"@type\":\"EntryPoint\",\"urlTemplate\":\"https:\/\/tsa-inox.preprodwi.fr\/de\/?s={search_term_string}\"},\"query-input\":{\"@type\":\"PropertyValueSpecification\",\"valueRequired\":true,\"valueName\":\"search_term_string\"}}],\"inLanguage\":\"de-DE\"}]}<\/script>\n<!-- \/ Yoast SEO plugin. -->","yoast_head_json":{"title":"Rechtliche Hinweise - TSA Industries","robots":{"index":"noindex","follow":"follow","max-snippet":"max-snippet:-1","max-image-preview":"max-image-preview:large","max-video-preview":"max-video-preview:-1"},"og_locale":"de_DE","og_type":"article","og_title":"Rechtliche Hinweise - TSA Industries","og_description":"Herausgeber der Website TSA Inox Hauptsitz 8, rue Jules Py 88210 MOUSSEY FRANKREICH Tel.: (33) 03 29 42 50 00 Leiter der Ver\u00f6ffentlichung Der Leiter der Ver\u00f6ffentlichung ist Herr S\u00e9bastien BEGEL. Hosting der Website WEB IDEA (Hauptsitz) 2 Rue Maurice Barr\u00e8s 57 000 METZ T\u00e9l. : 03 87 52 12 12 Site : www.webidea.fr Einrichtung &hellip; Continued","og_url":"https:\/\/tsa-inox.preprodwi.fr\/de\/rechtliche-hinweise\/","og_site_name":"TSA Industries","article_modified_time":"2025-06-05T14:15:43+00:00","twitter_card":"summary_large_image","twitter_misc":{"Est. reading time":"2 minutes"},"schema":{"@context":"https:\/\/schema.org","@graph":[{"@type":"WebPage","@id":"https:\/\/tsa-inox.preprodwi.fr\/de\/rechtliche-hinweise\/","url":"https:\/\/tsa-inox.preprodwi.fr\/de\/rechtliche-hinweise\/","name":"Rechtliche Hinweise - TSA Industries","isPartOf":{"@id":"https:\/\/tsa-inox.preprodwi.fr\/de\/#website"},"datePublished":"2025-01-04T11:24:43+00:00","dateModified":"2025-06-05T14:15:43+00:00","breadcrumb":{"@id":"https:\/\/tsa-inox.preprodwi.fr\/de\/rechtliche-hinweise\/#breadcrumb"},"inLanguage":"de-DE","potentialAction":[{"@type":"ReadAction","target":["https:\/\/tsa-inox.preprodwi.fr\/de\/rechtliche-hinweise\/"]}]},{"@type":"BreadcrumbList","@id":"https:\/\/tsa-inox.preprodwi.fr\/de\/rechtliche-hinweise\/#breadcrumb","itemListElement":[{"@type":"ListItem","position":1,"name":"Home","item":"https:\/\/tsa-inox.preprodwi.fr\/de\/"},{"@type":"ListItem","position":2,"name":"Rechtliche Hinweise"}]},{"@type":"WebSite","@id":"https:\/\/tsa-inox.preprodwi.fr\/de\/#website","url":"https:\/\/tsa-inox.preprodwi.fr\/de\/","name":"TSA Industries","description":"","potentialAction":[{"@type":"SearchAction","target":{"@type":"EntryPoint","urlTemplate":"https:\/\/tsa-inox.preprodwi.fr\/de\/?s={search_term_string}"},"query-input":{"@type":"PropertyValueSpecification","valueRequired":true,"valueName":"search_term_string"}}],"inLanguage":"de-DE"}]}},"_links":{"self":[{"href":"https:\/\/tsa-inox.preprodwi.fr\/de\/wp-json\/wp\/v2\/pages\/1905","targetHints":{"allow":["GET"]}}],"collection":[{"href":"https:\/\/tsa-inox.preprodwi.fr\/de\/wp-json\/wp\/v2\/pages"}],"about":[{"href":"https:\/\/tsa-inox.preprodwi.fr\/de\/wp-json\/wp\/v2\/types\/page"}],"author":[{"embeddable":true,"href":"https:\/\/tsa-inox.preprodwi.fr\/de\/wp-json\/wp\/v2\/users\/2"}],"replies":[{"embeddable":true,"href":"https:\/\/tsa-inox.preprodwi.fr\/de\/wp-json\/wp\/v2\/comments?post=1905"}],"version-history":[{"count":1,"href":"https:\/\/tsa-inox.preprodwi.fr\/de\/wp-json\/wp\/v2\/pages\/1905\/revisions"}],"predecessor-version":[{"id":1906,"href":"https:\/\/tsa-inox.preprodwi.fr\/de\/wp-json\/wp\/v2\/pages\/1905\/revisions\/1906"}],"wp:attachment":[{"href":"https:\/\/tsa-inox.preprodwi.fr\/de\/wp-json\/wp\/v2\/media?parent=1905"}],"curies":[{"name":"wp","href":"https:\/\/api.w.org\/{rel}","templated":true}]}}